{"id":24,"date":"2024-05-25T17:49:52","date_gmt":"2024-05-25T15:49:52","guid":{"rendered":"https:\/\/hervegonon.com\/?page_id=24"},"modified":"2025-03-02T23:48:03","modified_gmt":"2025-03-02T22:48:03","slug":"experiences-pro","status":"publish","type":"page","link":"https:\/\/hervegonon.com\/index.php\/experiences-pro\/","title":{"rendered":"Exp\u00e9riences pro"},"content":{"rendered":"\n<figure class=\"wp-block-image size-large\"><img loading=\"lazy\" decoding=\"async\" width=\"1024\" height=\"144\" src=\"https:\/\/hervegonon.com\/wp-content\/uploads\/2024\/05\/harpapetit-1024x144.png\" alt=\"\" class=\"wp-image-54\" srcset=\"https:\/\/hervegonon.com\/wp-content\/uploads\/2024\/05\/harpapetit-1024x144.png 1024w, https:\/\/hervegonon.com\/wp-content\/uploads\/2024\/05\/harpapetit-300x42.png 300w, https:\/\/hervegonon.com\/wp-content\/uploads\/2024\/05\/harpapetit-768x108.png 768w, https:\/\/hervegonon.com\/wp-content\/uploads\/2024\/05\/harpapetit-1536x216.png 1536w, https:\/\/hervegonon.com\/wp-content\/uploads\/2024\/05\/harpapetit-2048x288.png 2048w\" sizes=\"auto, (max-width: 1024px) 100vw, 1024px\" \/><\/figure>\n\n\n\n<p class=\"has-white-color has-text-color has-link-color wp-elements-6d8d2203a133ed94adaebe247e6f49f1\">&#8212;&#8212;&#8212;&#8212;&#8212;&#8212;&#8211;<\/p>\n\n\n<div class=\"wp-block-image\">\n<figure class=\"alignleft size-full is-resized\"><img loading=\"lazy\" decoding=\"async\" width=\"200\" height=\"200\" src=\"https:\/\/hervegonon.com\/wp-content\/uploads\/2025\/03\/orisha.jpg\" alt=\"\" class=\"wp-image-221\" style=\"width:161px;height:auto\" srcset=\"https:\/\/hervegonon.com\/wp-content\/uploads\/2025\/03\/orisha.jpg 200w, https:\/\/hervegonon.com\/wp-content\/uploads\/2025\/03\/orisha-150x150.jpg 150w\" sizes=\"auto, (max-width: 200px) 100vw, 200px\" \/><\/figure>\n<\/div>\n\n\n<h4 class=\"wp-block-heading has-vivid-cyan-blue-color has-text-color has-link-color wp-elements-95f71c2ac17b2a4f7d3b67fe6d020a4f\">ORISHA SOCIALCARE Must Informatique<\/h4>\n\n\n\n<h5 class=\"wp-block-heading has-pale-cyan-blue-color has-text-color has-link-color wp-elements-913527dff59c717b2637a59b43f8e399\">Project Manager &#8211; <strong>Responsable de l&rsquo;\u00e9quipe des Chefs de projets\/Consultants<\/strong>.<\/h5>\n\n\n\n<h5 class=\"wp-block-heading has-pale-cyan-blue-color has-text-color has-link-color wp-elements-70036d2f9f9eee1aac30ec383ca4fb75\"><em>CDI &#8211; Novembre 2022 \u00e0 aujourd&rsquo;hui.<\/em><\/h5>\n\n\n\n<p><\/p>\n\n\n\n<p class=\"has-white-color has-text-color has-link-color wp-elements-f086da99a2284e09535247ad43757d2e\">&#8212;&#8212;&#8212;&#8212;&#8212;&#8212;&#8212;&#8212;&#8212;&#8212;&#8212;&#8212;&#8211;<\/p>\n\n\n\n<p><strong>MUST Informatique<\/strong> est un \u00e9diteur et un int\u00e9grateur de logiciels sp\u00e9cialis\u00e9s pour les Prestaires de Sant\u00e9 A Domicile (PSAD) et les orthop\u00e9distes. Entreprise d&rsquo;environ 100 personnes avec tous les services n\u00e9cessaires pour l&rsquo;accompagnement de nos clients dans l&rsquo;utilisation quotidienne et l&rsquo;am\u00e9lioration de nos solutions. Les logiciels fournis permettent la gestion compl\u00e8te (stock, patient\u00e8le, facturation) de l&rsquo;activit\u00e9 de nos clients de l&rsquo;agence \u00e0 poste unique au regroupement national d&rsquo;agences d\u00e9partementales. <\/p>\n\n\n\n<p><strong>Orisha<\/strong> est un \u00e9diteur europ\u00e9en de logiciels d\u00e9di\u00e9s, aux entreprises du Retail, de l\u2019Immobilier, de la Sant\u00e9, du BTP et de l&rsquo;Agrifood. Depuis sa cr\u00e9ation, Orisha guide les entreprises vers le succ\u00e8s en leur proposant des solutions sp\u00e9cifiques \u00e0 leur m\u00e9tier et indispensables \u00e0 leur activit\u00e9.<\/p>\n\n\n\n<p><strong>Le service des chefs de projets <\/strong>est d\u00e9di\u00e9 \u00e0 l&rsquo;int\u00e9gration des logiciels dans l&rsquo;organisation de nos clients. Une fois le projet pris en charge, le service s&rsquo;occupe du suivi avec l&rsquo;ensemble des parties prenantes du projet jusqu&rsquo;\u00e0 son bilan.<\/p>\n\n\n\n<p><strong>Mes principales missions :<\/strong><\/p>\n\n\n\n<ul class=\"wp-block-list\">\n<li>Management d&rsquo;une \u00e9quipe pluridisciplinaire.<\/li>\n\n\n\n<li><span style=\"font-size: revert; color: initial;\">Mise en place, suivi et analyse des indicateurs de p<\/span>e<span style=\"font-size: revert; color: initial;\">rformance de l&rsquo;\u00e9quipe<\/span><span style=\"color: initial;\">.<\/span><\/li>\n\n\n\n<li><span style=\"font-size: revert; color: initial;\">Passage du service \u00e0 la norme ISO 9001<\/span>.<\/li>\n\n\n\n<li><span style=\"font-size: revert; color: initial;\">Suivi mensuel et annuel de l&rsquo;\u00e9quipe au travers d&rsquo;entretiens individuelles et professionnels<\/span>.<\/li>\n\n\n\n<li><span style=\"font-size: revert; color: initial;\">Recherche d&rsquo;optimisations dans l&rsquo;organisation et les processus du service<\/span>.<\/li>\n\n\n\n<li>Revue hebdomadaire des projets en cours.<\/li>\n\n\n\n<li>Suivi de projets grands comptes.<\/li>\n\n\n\n<li>Coordination des parties prenantes internes pour la d\u00e9ploiement de nos solutions.<br><\/li>\n<\/ul>\n\n\n\n<hr class=\"wp-block-separator has-alpha-channel-opacity\"\/>\n\n\n<div class=\"wp-block-image\">\n<figure class=\"alignleft size-full is-resized\"><img loading=\"lazy\" decoding=\"async\" width=\"696\" height=\"696\" src=\"https:\/\/hervegonon.com\/wp-content\/uploads\/2024\/08\/pole-formation-UIMM-limousin_696x696-1.png\" alt=\"\" class=\"wp-image-113\" style=\"width:119px;height:auto\" srcset=\"https:\/\/hervegonon.com\/wp-content\/uploads\/2024\/08\/pole-formation-UIMM-limousin_696x696-1.png 696w, https:\/\/hervegonon.com\/wp-content\/uploads\/2024\/08\/pole-formation-UIMM-limousin_696x696-1-300x300.png 300w, https:\/\/hervegonon.com\/wp-content\/uploads\/2024\/08\/pole-formation-UIMM-limousin_696x696-1-150x150.png 150w, https:\/\/hervegonon.com\/wp-content\/uploads\/2024\/08\/pole-formation-UIMM-limousin_696x696-1-510x510.png 510w\" sizes=\"auto, (max-width: 696px) 100vw, 696px\" \/><\/figure>\n<\/div>\n\n\n<h4 class=\"wp-block-heading has-vivid-cyan-blue-color has-text-color has-link-color wp-elements-29612d10f829751bed283b289d5b4c75\"><strong>P\u00d4LE FORMATION UIMM Limousin<\/strong><\/h4>\n\n\n\n<h5 class=\"wp-block-heading has-pale-cyan-blue-color has-text-color has-link-color wp-elements-e54a320532a720ff3f2cd93be263f972\"><strong>Charg\u00e9 de la transformation num\u00e9rique et formateur sp\u00e9cialis\u00e9<\/strong><\/h5>\n\n\n\n<h5 class=\"wp-block-heading has-pale-cyan-blue-color has-text-color has-link-color wp-elements-30b2585fd2a4bf4301f69a8080175e7f\">CDD puis CDI &#8211; <em>Juillet 2011 \u2013 Novembre 2022<\/em><\/h5>\n\n\n\n<p class=\"has-white-color has-text-color has-link-color wp-elements-fb18c1bd1ee4205eaf3c2c376bb7f553\">&#8212;&#8212;&#8212;&#8212;&#8212;&#8212;&#8212;&#8211;<\/p>\n\n\n\n<p><strong>Le P\u00f4le Formation UIMM Limousin<\/strong> est un organisme de formation offrant diverses solutions de formation et d&rsquo;accompagnement pour les industries. Les parcours de formation sont individualis\u00e9s et permettent \u00e0 des jeunes, des salari\u00e9s, des demandeurs d\u2019emploi, quels que soient leur \u00e2ge, leur parcours scolaire ou professionnel, de d\u00e9velopper leurs comp\u00e9tences pour \u00e9voluer dans l\u2019ensemble des m\u00e9tiers industriels.<\/p>\n\n\n\n<p>Mes principales mission en tant que <strong>Charg\u00e9 de la transformation num\u00e9rique :<\/strong><\/p>\n\n\n\n<ul class=\"wp-block-list\">\n<li>Actions men\u00e9es dans le cadre de la transformation organisationnelle et num\u00e9rique du P\u00f4le Formation UIMM Limousin;<\/li>\n\n\n\n<li>Utilisation de la d\u00e9marche Lean et des outils de la r\u00e9solution de probl\u00e8mes pour la transformation num\u00e9rique de nos processus;<\/li>\n\n\n\n<li>Administration de notre Syst\u00e8me d\u2019Information, \u00e9coute des besoins m\u00e9tier pour la gestion des donn\u00e9es num\u00e9riques et accompagnement dans l\u2019utilisation des nouveaux outils.<\/li>\n\n\n\n<li>D\u00e9finition d\u2019un plan de reprise d\u2019activit\u00e9 suite \u00e0 une compromission de notre SI.<\/li>\n<\/ul>\n\n\n\n<p>Mes principales missions en tant que <strong>Formateur sp\u00e9cialis\u00e9 dans la d\u00e9marche Lean, l\u2019\u00e9lectronique et la transformation num\u00e9rique :<\/strong><\/p>\n\n\n\n<ul class=\"wp-block-list\">\n<li>Dispenser des formations en centre de formation ou en entreprise pour un public vari\u00e9, en individuel ou en groupe;<\/li>\n\n\n\n<li>Concevoir des programmes de formation et les progressions p\u00e9dagogiques associ\u00e9es;<\/li>\n\n\n\n<li>Analyser le besoin de l\u2019entreprise pour la conseiller et pour la cr\u00e9ation d\u2019un programme adapt\u00e9 en ad\u00e9quation avec les comp\u00e9tences du salari\u00e9;<\/li>\n\n\n\n<li>Administrer la plateforme LMS de la structure (Easi), former les formateurs \u00e0 son utilisation et communiquer et accompagner sur les nouveaut\u00e9s;<\/li>\n\n\n\n<li>Accompagner les apprenants dans la mise en place de projets li\u00e9s \u00e0 l\u2019am\u00e9lioration organisationnelle, technique et\/ou ergonomique de leur poste de travail.<\/li>\n<\/ul>\n\n\n\n<p><strong>Mes principaux domaines d\u2019intervention<\/strong> :<\/p>\n\n\n\n<p><strong>La d\u00e9marche LEAN :<\/strong><\/p>\n\n\n\n<details class=\"wp-block-details is-layout-flow wp-block-details-is-layout-flow\"><summary>Voir le d\u00e9tail&#8230;<\/summary>\n<p>Actions : <\/p>\n\n\n\n<ul class=\"wp-block-list\">\n<li>Formations anim\u00e9es pour des op\u00e9rateurs de production et des responsables d\u2019\u00e9quipe de production;<\/li>\n\n\n\n<li>Apports th\u00e9oriques et confirmation autour de simulations p\u00e9dagogiques;<\/li>\n\n\n\n<li>Accompagnement des salari\u00e9s dans leur projet d\u2019am\u00e9lioration continue.<\/li>\n<\/ul>\n\n\n\n<p><\/p>\n\n\n\n<p>Animations de formation autour des sujets suivants:<\/p>\n\n\n\n<ul class=\"wp-block-list\">\n<li>Les m\u00e9thodes et les outils de la r\u00e9solution de probl\u00e8mes;<\/li>\n\n\n\n<li>La gestion de projet;<\/li>\n\n\n\n<li>L\u2019organisation industrielle;<\/li>\n\n\n\n<li>Le Lean, sa d\u00e9marche et son application;<\/li>\n\n\n\n<li>Mener un chantier d\u2019am\u00e9lioration continue;<\/li>\n\n\n\n<li>Les outils du Lean et leur d\u00e9ploiement.<\/li>\n\n\n\n<li>La qualit\u00e9<\/li>\n\n\n\n<li>L\u2019Hygi\u00e8ne S\u00e9curit\u00e9 Environnement<\/li>\n<\/ul>\n<\/details>\n\n\n\n<p><strong>L&rsquo;\u00e9lectronique et les technologies industrielles :<\/strong><\/p>\n\n\n\n<details class=\"wp-block-details is-layout-flow wp-block-details-is-layout-flow\"><summary>Voir le d\u00e9tail&#8230;<\/summary>\n<p><\/p>\n\n\n\n<p>Actions:<\/p>\n\n\n\n<ul class=\"wp-block-list\">\n<li>Formations anim\u00e9es pour des op\u00e9rateurs d\u2019assemblage, des techniciens de maintenance et des techniciens de laboratoire;<\/li>\n\n\n\n<li>Apports th\u00e9oriques et animation de travaux pratiques;<\/li>\n\n\n\n<li>Formations autour de la conception, de la production et de la maintenance.<\/li>\n<\/ul>\n\n\n\n<p>Animations de formation autour des sujets suivants:<\/p>\n\n\n\n<ul class=\"wp-block-list\">\n<li>Electronique et l\u2019iot;<\/li>\n\n\n\n<li>\u00c9lectrotechnique;<\/li>\n\n\n\n<li>Automatismes;<\/li>\n\n\n\n<li>Raspberry \/ Arduino;<\/li>\n\n\n\n<li>Hydraulique \u2013 Pneumatique;<\/li>\n\n\n\n<li>Habilitations \u00e9lectrique BT<\/li>\n<\/ul>\n<\/details>\n\n\n\n<p><strong>Le monde num\u00e9rique et l\u2019informatique:<\/strong><\/p>\n\n\n\n<details class=\"wp-block-details is-layout-flow wp-block-details-is-layout-flow\"><summary>Voir le d\u00e9tail&#8230;<\/summary>\n<p><\/p>\n\n\n\n<p>Actions:<\/p>\n\n\n\n<ul class=\"wp-block-list\">\n<li>Formations anim\u00e9es pour des op\u00e9rateurs de production, des animateurs et responsable d\u2019\u00e9quipe et des charg\u00e9s d\u2019affaires;<\/li>\n\n\n\n<li>Apports th\u00e9oriques.<\/li>\n<\/ul>\n\n\n\n<p>Animations de formation autour des sujets suivants:<\/p>\n\n\n\n<ul class=\"wp-block-list\">\n<li>Le monde num\u00e9rique d\u2019aujourd\u2019hui et de demain;<\/li>\n\n\n\n<li>L\u2019industrie 4.0;<\/li>\n\n\n\n<li>La bureautique au travers de la suite Office;<\/li>\n\n\n\n<li>La cr\u00e9ation de site internet;<\/li>\n\n\n\n<li>Les r\u00e9seaux sociaux;<\/li>\n\n\n\n<li>Les outils collaboratifs.<\/li>\n<\/ul>\n<\/details>\n\n\n\n<hr class=\"wp-block-separator has-alpha-channel-opacity\"\/>\n\n\n<div class=\"wp-block-image\">\n<figure class=\"alignleft size-full is-resized\"><img loading=\"lazy\" decoding=\"async\" width=\"225\" height=\"225\" src=\"https:\/\/hervegonon.com\/wp-content\/uploads\/2024\/08\/ul.jpg\" alt=\"\" class=\"wp-image-136\" style=\"width:133px;height:auto\" srcset=\"https:\/\/hervegonon.com\/wp-content\/uploads\/2024\/08\/ul.jpg 225w, https:\/\/hervegonon.com\/wp-content\/uploads\/2024\/08\/ul-150x150.jpg 150w\" sizes=\"auto, (max-width: 225px) 100vw, 225px\" \/><\/figure>\n<\/div>\n\n\n<h4 class=\"wp-block-heading has-vivid-cyan-blue-color has-text-color has-link-color wp-elements-dbb6967e0e1eeddf5f679018c4ff43b8\"><strong>IUT du Limousin<\/strong><\/h4>\n\n\n\n<h5 class=\"wp-block-heading has-pale-cyan-blue-color has-text-color has-link-color wp-elements-3f73b7a6b20ef6afe71ee5c8d4678796\"><strong>Enseignant technique vacataire<\/strong><\/h5>\n\n\n\n<h5 class=\"wp-block-heading has-pale-cyan-blue-color has-text-color has-link-color wp-elements-26fe7c696b36b1a544376036cc99a2f4\">Vacataire &#8211; Novembre 2015 \u00e0 Novembre 2022<\/h5>\n\n\n\n<p class=\"has-white-color has-text-color has-link-color wp-elements-86a6b642d469e9e506deefa342c89fe0\">&#8212;&#8212;&#8212;&#8212;&#8212;&#8212;&#8212;&#8212;&#8212;&#8212;&#8212;&#8211;<\/p>\n\n\n\n<p>Enseignement pour des \u00e9tudiants de la Licence professionnelle MQM (Mesure de la Qualit\u00e9 des Milieux).<\/p>\n\n\n\n<p>Module sur la maintenance des capteurs et de la cha\u00eene d\u2019acquisition:<\/p>\n\n\n\n<ul class=\"wp-block-list\">\n<li>Fiabilit\u00e9;<\/li>\n\n\n\n<li>Taux de d\u00e9faillance;<\/li>\n\n\n\n<li>Co\u00fbt de la maintenance;<\/li>\n\n\n\n<li>M\u00e9thodologie de r\u00e9solution de probl\u00e8mes.<\/li>\n<\/ul>\n\n\n\n<hr class=\"wp-block-separator has-alpha-channel-opacity\"\/>\n\n\n<div class=\"wp-block-image\">\n<figure class=\"alignleft is-resized\"><a href=\"https:\/\/web.archive.org\/web\/20230330032308\/https:\/\/www.hervegonon.com\/wp-content\/uploads\/2015\/02\/cropped-Logo-HG-grand-1.png\"><img decoding=\"async\" src=\"https:\/\/web.archive.org\/web\/20230330032308im_\/https:\/\/www.hervegonon.com\/wp-content\/uploads\/2015\/02\/cropped-Logo-HG-grand-1.png\" alt=\"cropped-Logo-HG-grand-1.png\" class=\"wp-image-114\" style=\"width:143px;height:auto\"\/><\/a><\/figure>\n<\/div>\n\n\n<h4 class=\"wp-block-heading has-vivid-cyan-blue-color has-text-color has-link-color wp-elements-310b5e2957977809a0027c152a34e541\"><strong>HG Formations<\/strong><\/h4>\n\n\n\n<h5 class=\"wp-block-heading has-pale-cyan-blue-color has-text-color has-link-color wp-elements-fa77c050559523821864e5661f828d00\"><strong>Formateur ind\u00e9pendant<\/strong><\/h5>\n\n\n\n<h5 class=\"wp-block-heading has-pale-cyan-blue-color has-text-color has-link-color wp-elements-734d7fd9244e7de518cc618bcb95e859\">Fondateur &#8211; 2012<\/h5>\n\n\n\n<p>Formateur ind\u00e9pendant pour diff\u00e9rents centres de formation de la r\u00e9gion.<\/p>\n\n\n\n<p>Formations principalement pour des particuliers dans les domaines du multim\u00e9dia.<\/p>\n\n\n\n<ul class=\"wp-block-list\">\n<li>D\u00e9couvrir l\u2019outil informatique;<\/li>\n\n\n\n<li>G\u00e9rer les p\u00e9riph\u00e9riques;<\/li>\n\n\n\n<li>Organiser ses fichiers et dossiers;<\/li>\n\n\n\n<li>Retoucher des photos;<\/li>\n\n\n\n<li>Cr\u00e9er un site internet, blog, forum;<\/li>\n\n\n\n<li>Monter une vid\u00e9o;<\/li>\n\n\n\n<li>Cr\u00e9er des factures sous Excel;<\/li>\n\n\n\n<li>\u2026<\/li>\n<\/ul>\n\n\n\n<hr class=\"wp-block-separator has-alpha-channel-opacity\"\/>\n\n\n<div class=\"wp-block-image\">\n<figure class=\"alignleft size-full is-resized\"><img loading=\"lazy\" decoding=\"async\" width=\"470\" height=\"284\" src=\"https:\/\/hervegonon.com\/wp-content\/uploads\/2024\/08\/gf-foures.png\" alt=\"\" class=\"wp-image-137\" style=\"width:171px;height:auto\" srcset=\"https:\/\/hervegonon.com\/wp-content\/uploads\/2024\/08\/gf-foures.png 470w, https:\/\/hervegonon.com\/wp-content\/uploads\/2024\/08\/gf-foures-300x181.png 300w\" sizes=\"auto, (max-width: 470px) 100vw, 470px\" \/><\/figure>\n<\/div>\n\n\n<h4 class=\"wp-block-heading has-vivid-cyan-blue-color has-text-color has-link-color wp-elements-0f50e06299163fb44e37a70635ee0a29\">&nbsp;<strong>GF FOURES<\/strong><\/h4>\n\n\n\n<h5 class=\"wp-block-heading has-pale-cyan-blue-color has-text-color has-link-color wp-elements-5e0c1fe5a047c0289c4a2c1011dda3f2\"><strong>Charg\u00e9 de projet de d\u00e9veloppement \u2013 Ing\u00e9nieur en \u00e9lectronique.<\/strong><\/h5>\n\n\n\n<h5 class=\"wp-block-heading has-pale-cyan-blue-color has-text-color has-link-color wp-elements-04a18d22ffea2ddc0988b0bb5ae03976\">Stage puis CDI &#8211; Avril 2007 \u00e0 Avril 2011<\/h5>\n\n\n\n<p class=\"has-white-color has-text-color has-link-color wp-elements-6d8d2203a133ed94adaebe247e6f49f1\">&#8212;&#8212;&#8212;&#8212;&#8212;&#8212;&#8211;<\/p>\n\n\n\n<p>Gestion et d\u00e9veloppement d\u2019une nouvelle gamme d\u2019appareils de perfusion.<\/p>\n\n\n\n<p>Travail en autonomie au sein du bureau d\u2019\u00e9tude et proche du fonctionnement de la&nbsp;production.<\/p>\n\n\n\n<p>Gestion du d\u00e9veloppement sur l\u2019ensemble du dossier produit:<\/p>\n\n\n\n<ul class=\"wp-block-list\">\n<li>Cahier des charges g\u00e9n\u00e9ral et technique, \u00e9lectronique et m\u00e9canique;<\/li>\n\n\n\n<li>Planning de d\u00e9veloppement;<\/li>\n\n\n\n<li>R\u00e9ponse aux normes;<\/li>\n\n\n\n<li>Consultation Fournisseur;<\/li>\n\n\n\n<li>Recherche composant;<\/li>\n\n\n\n<li>Analyse, conception, d\u00e9veloppement, prototypage et industrialisation.<\/li>\n<\/ul>\n\n\n\n<p>Conception de produits m\u00e9dicaux pour salles d\u2019op\u00e9rations, avec une architecture \u00e9lectrique.<\/p>\n\n\n\n<p>Maintenance, am\u00e9lioration, test et contr\u00f4le \u00e9lectrique et \u00e9lectronique en S.A.V..<\/p>\n","protected":false},"excerpt":{"rendered":"<p>&#8212;&#8212;&#8212;&#8212;&#8212;&#8212;&#8211; ORISHA SOCIALCARE Must Informatique Project Manager &#8211; Responsable de l&rsquo;\u00e9quipe des Chefs de projets\/Consultants. CDI &#8211; Novembre 2022 \u00e0 aujourd&rsquo;hui. &#8212;&#8212;&#8212;&#8212;&#8212;&#8212;&#8212;&#8212;&#8212;&#8212;&#8212;&#8212;&#8211; MUST Informatique est un \u00e9diteur et un int\u00e9grateur de logiciels sp\u00e9cialis\u00e9s pour les Prestaires de Sant\u00e9 A Domicile (PSAD) et les orthop\u00e9distes. Entreprise d&rsquo;environ 100 personnes avec tous les services n\u00e9cessaires pour l&rsquo;accompagnement [&hellip;]<\/p>\n","protected":false},"author":1,"featured_media":0,"parent":0,"menu_order":0,"comment_status":"closed","ping_status":"closed","template":"","meta":{"footnotes":""},"class_list":["post-24","page","type-page","status-publish","czr-hentry"],"jetpack_sharing_enabled":true,"_links":{"self":[{"href":"https:\/\/hervegonon.com\/index.php\/wp-json\/wp\/v2\/pages\/24","targetHints":{"allow":["GET"]}}],"collection":[{"href":"https:\/\/hervegonon.com\/index.php\/wp-json\/wp\/v2\/pages"}],"about":[{"href":"https:\/\/hervegonon.com\/index.php\/wp-json\/wp\/v2\/types\/page"}],"author":[{"embeddable":true,"href":"https:\/\/hervegonon.com\/index.php\/wp-json\/wp\/v2\/users\/1"}],"replies":[{"embeddable":true,"href":"https:\/\/hervegonon.com\/index.php\/wp-json\/wp\/v2\/comments?post=24"}],"version-history":[{"count":40,"href":"https:\/\/hervegonon.com\/index.php\/wp-json\/wp\/v2\/pages\/24\/revisions"}],"predecessor-version":[{"id":224,"href":"https:\/\/hervegonon.com\/index.php\/wp-json\/wp\/v2\/pages\/24\/revisions\/224"}],"wp:attachment":[{"href":"https:\/\/hervegonon.com\/index.php\/wp-json\/wp\/v2\/media?parent=24"}],"curies":[{"name":"wp","href":"https:\/\/api.w.org\/{rel}","templated":true}]}}