{"id":12,"date":"2024-05-25T17:35:17","date_gmt":"2024-05-25T15:35:17","guid":{"rendered":"https:\/\/hervegonon.com\/?page_id=12"},"modified":"2024-08-02T00:14:04","modified_gmt":"2024-08-01T22:14:04","slug":"formations-et-diplomes","status":"publish","type":"page","link":"https:\/\/hervegonon.com\/index.php\/formations-et-diplomes\/","title":{"rendered":"Formations et dipl\u00f4mes"},"content":{"rendered":"\n<figure class=\"wp-block-image size-large\"><img loading=\"lazy\" decoding=\"async\" width=\"1024\" height=\"146\" src=\"https:\/\/hervegonon.com\/wp-content\/uploads\/2024\/08\/harpapetit2-1024x146.png\" alt=\"\" class=\"wp-image-158\" srcset=\"https:\/\/hervegonon.com\/wp-content\/uploads\/2024\/08\/harpapetit2-1024x146.png 1024w, https:\/\/hervegonon.com\/wp-content\/uploads\/2024\/08\/harpapetit2-300x43.png 300w, https:\/\/hervegonon.com\/wp-content\/uploads\/2024\/08\/harpapetit2-768x110.png 768w, https:\/\/hervegonon.com\/wp-content\/uploads\/2024\/08\/harpapetit2-1536x219.png 1536w, https:\/\/hervegonon.com\/wp-content\/uploads\/2024\/08\/harpapetit2-2048x292.png 2048w\" sizes=\"auto, (max-width: 1024px) 100vw, 1024px\" \/><\/figure>\n\n\n\n<p><\/p>\n\n\n<div class=\"wp-block-image\">\n<figure class=\"alignleft size-full is-resized\"><img loading=\"lazy\" decoding=\"async\" width=\"700\" height=\"350\" src=\"https:\/\/hervegonon.com\/wp-content\/uploads\/2024\/08\/orsys-formation.webp\" alt=\"\" class=\"wp-image-159\" style=\"width:242px;height:auto\" srcset=\"https:\/\/hervegonon.com\/wp-content\/uploads\/2024\/08\/orsys-formation.webp 700w, https:\/\/hervegonon.com\/wp-content\/uploads\/2024\/08\/orsys-formation-300x150.webp 300w\" sizes=\"auto, (max-width: 700px) 100vw, 700px\" \/><\/figure>\n<\/div>\n\n\n<h4 class=\"wp-block-heading has-vivid-cyan-blue-color has-text-color has-link-color wp-elements-78e942b97b148ef8187351ec8ac6e06b\"><strong>MANAGER DE PROXIMIT\u00c9<\/strong><\/h4>\n\n\n\n<p class=\"has-pale-cyan-blue-color has-text-color has-link-color wp-elements-3ef04399aa3951d874436a14d7ce6fd7\"><strong>ORSYS Formation &#8211; Paris, La D\u00e9fense<\/strong><\/p>\n\n\n\n<h5 class=\"wp-block-heading has-pale-cyan-blue-color has-text-color has-link-color wp-elements-831fdc8176120f506857da88361d9065\">Octobre 2023<\/h5>\n\n\n\n<p class=\"has-white-color has-text-color has-link-color wp-elements-6d8d2203a133ed94adaebe247e6f49f1\">&#8212;&#8212;&#8212;&#8212;&#8212;&#8212;&#8211;<\/p>\n\n\n\n<p><strong>Objectifs de la formation : <\/strong><\/p>\n\n\n\n<ul class=\"wp-block-list\">\n<li>Identifier son r\u00f4le et ses responsabilit\u00e9s de manager de proximit\u00e9<\/li>\n\n\n\n<li>Adapter son style de management aux situations<\/li>\n\n\n\n<li>Impliquer les collaborateurs et obtenir l&rsquo;adh\u00e9sion<\/li>\n\n\n\n<li>D\u00e9velopper l&rsquo;autonomie pour motiver son \u00e9quipe<\/li>\n\n\n\n<li>G\u00e9rer les situations d\u00e9licates<\/li>\n<\/ul>\n\n\n\n<hr class=\"wp-block-separator has-alpha-channel-opacity\"\/>\n\n\n<div class=\"wp-block-image\">\n<figure class=\"alignleft size-full is-resized\"><img loading=\"lazy\" decoding=\"async\" width=\"400\" height=\"400\" src=\"https:\/\/hervegonon.com\/wp-content\/uploads\/2024\/08\/insa.jpg\" alt=\"\" class=\"wp-image-162\" style=\"width:162px;height:auto\" srcset=\"https:\/\/hervegonon.com\/wp-content\/uploads\/2024\/08\/insa.jpg 400w, https:\/\/hervegonon.com\/wp-content\/uploads\/2024\/08\/insa-300x300.jpg 300w, https:\/\/hervegonon.com\/wp-content\/uploads\/2024\/08\/insa-150x150.jpg 150w\" sizes=\"auto, (max-width: 400px) 100vw, 400px\" \/><\/figure>\n<\/div>\n\n\n<h4 class=\"wp-block-heading has-vivid-cyan-blue-color has-text-color has-link-color wp-elements-bd8feef59da852682426272f11afc984\"><strong>LEAN COACH<\/strong><\/h4>\n\n\n\n<h5 class=\"wp-block-heading has-pale-cyan-blue-color has-text-color has-link-color wp-elements-e980b83f13625d9df9826f78a96461af\"><strong>INSA de Rennes et entreprise CPK Carambar de Strasbourg<\/strong><\/h5>\n\n\n\n<h5 class=\"wp-block-heading has-pale-cyan-blue-color has-text-color has-link-color wp-elements-b9ce093afc3b1fdfcb3f48dcc27bd774\">2019<\/h5>\n\n\n\n<p class=\"has-white-color has-text-color has-link-color wp-elements-dae2a5c821bd803af82bc3e03ad4aa2a\">&#8212;&#8212;&#8212;&#8212;&#8212;&#8212;&#8212;-<\/p>\n\n\n\n<p><strong>Objectifs de la formation :<\/strong><\/p>\n\n\n\n<ul class=\"wp-block-list\">\n<li>Animer des activit\u00e9s Lean;<\/li>\n\n\n\n<li>Etre un expert technique sur des outils, m\u00e9thodes\u00a0et syst\u00e8mes du Lean;<\/li>\n\n\n\n<li>Suivre les activit\u00e9s Lean mises en oeuvre;<\/li>\n\n\n\n<li>Savoir valoriser les gains de chantiers gr\u00e2ce \u00e0 des\u00a0indicateurs adapt\u00e9s \u00e0 la d\u00e9marche Lean;<\/li>\n\n\n\n<li>Devenir un formateur qui enseigne et entra\u00eene\u00a0des animateurs et des pilotes de chantiers et qui\u00a0forme le personnel \u00e0 la pratique du Lean. (outils,\u00a0m\u00e9thodes, syst\u00e8mes et culture)<\/li>\n<\/ul>\n\n\n\n<hr class=\"wp-block-separator has-alpha-channel-opacity\"\/>\n\n\n<div class=\"wp-block-image\">\n<figure class=\"alignleft size-full is-resized\"><img loading=\"lazy\" decoding=\"async\" width=\"696\" height=\"696\" src=\"https:\/\/hervegonon.com\/wp-content\/uploads\/2024\/08\/pole-formation-UIMM-limousin_696x696-1-1.png\" alt=\"\" class=\"wp-image-168\" style=\"width:164px;height:auto\" srcset=\"https:\/\/hervegonon.com\/wp-content\/uploads\/2024\/08\/pole-formation-UIMM-limousin_696x696-1-1.png 696w, https:\/\/hervegonon.com\/wp-content\/uploads\/2024\/08\/pole-formation-UIMM-limousin_696x696-1-1-300x300.png 300w, https:\/\/hervegonon.com\/wp-content\/uploads\/2024\/08\/pole-formation-UIMM-limousin_696x696-1-1-150x150.png 150w, https:\/\/hervegonon.com\/wp-content\/uploads\/2024\/08\/pole-formation-UIMM-limousin_696x696-1-1-510x510.png 510w\" sizes=\"auto, (max-width: 696px) 100vw, 696px\" \/><\/figure>\n<\/div>\n\n\n<h4 class=\"wp-block-heading has-vivid-cyan-blue-color has-text-color has-link-color wp-elements-75fb851386e681841f5d89ef9fc28849\"><strong>CQPM ANIMATEUR DE LA D\u00c9MARCHE LEAN<\/strong><\/h4>\n\n\n\n<h5 class=\"wp-block-heading has-pale-cyan-blue-color has-text-color has-link-color wp-elements-6663b0153e9ff91bebecf6cfd8416f12\"><strong>P\u00f4le Formation UIMM Limousin<\/strong><\/h5>\n\n\n\n<h5 class=\"wp-block-heading has-pale-cyan-blue-color has-text-color has-link-color wp-elements-e1211b9632a518309bae75eea53c137f\">2016 \u00e0 2018<\/h5>\n\n\n\n<p class=\"has-white-color has-text-color has-link-color wp-elements-631618dff3898643ee0bfbbc2d7c3f39\">&#8212;&#8212;&#8212;&#8212;&#8212;&#8212;&#8212;<\/p>\n\n\n\n<p><strong>Objectifs de la formation :<\/strong><\/p>\n\n\n\n<ul class=\"wp-block-list\">\n<li>Diagnostiquer la performance d\u2019un processus de d\u00e9livrance produit ou de service;<\/li>\n\n\n\n<li>D\u00e9finir les axes de progr\u00e8s prioritaires concourant aux objectifs de la d\u00e9marche Lean;<\/li>\n\n\n\n<li>Proposer les leviers ou actions d\u2019am\u00e9lioration les plus pertinents;<\/li>\n\n\n\n<li>Pr\u00e9parer les \u00e9quipes aux m\u00e9thodes et outils d\u2019am\u00e9lioration Lean;<\/li>\n\n\n\n<li>Piloter les actions d\u2019am\u00e9lioration de la performance des processus;<\/li>\n\n\n\n<li>Mesurer la performance des processus;<\/li>\n\n\n\n<li>D\u00e9tecter et mettre en \u0153uvre des actions correctives;<\/li>\n\n\n\n<li>Standardiser les bonnes pratiques;<\/li>\n\n\n\n<li>Valoriser les r\u00e9sultats obtenus et les actions mises en \u0153uvre.<\/li>\n<\/ul>\n\n\n\n<p><strong>Gestion d\u2019un projet de transformation num\u00e9rique des processus<\/strong> \u00ab\u00a0Client\u00a0\u00bb et \u00ab\u00a0Animation\u00a0\u00bb du P\u00f4le Formation UIMM Limousin.<\/p>\n\n\n\n<p><strong>Stage de 2 semaines<\/strong> dans l\u2019entreprise <strong>Legrand <\/strong>et int\u00e9gration du service m\u00e9thode. Mise en place d\u2019un chantier SMED sur une ligne d\u2019assemblage automatis\u00e9e.<\/p>\n\n\n\n<p>Formation niveau C* (Licence) soutenue devant un jury de professionnels.<\/p>\n\n\n\n<hr class=\"wp-block-separator has-alpha-channel-opacity\"\/>\n\n\n\n<p><strong>PCIE Excel, Word, Power Point 2016<\/strong>&nbsp;\u2013 2017<\/p>\n\n\n\n<p><strong>Le Document unique<\/strong>&nbsp;\u2013 2016<\/p>\n\n\n\n<p><strong>R\u00e9f\u00e9rent sant\u00e9 et s\u00e9curit\u00e9 au travail<\/strong>&nbsp;\u2013 2015<\/p>\n\n\n\n<p><strong>Gestion des personnalit\u00e9s en formation<\/strong>&nbsp;\u2013 2013<\/p>\n\n\n\n<p><strong>Auditeur interne<\/strong>&nbsp;\u2013 2006<\/p>\n\n\n\n<hr class=\"wp-block-separator has-alpha-channel-opacity\"\/>\n\n\n<div class=\"wp-block-image\">\n<figure class=\"alignleft size-full is-resized\"><img loading=\"lazy\" decoding=\"async\" width=\"550\" height=\"221\" src=\"https:\/\/hervegonon.com\/wp-content\/uploads\/2024\/08\/universite-bordeaux-logo_1.jpg\" alt=\"\" class=\"wp-image-169\" style=\"width:321px;height:auto\" srcset=\"https:\/\/hervegonon.com\/wp-content\/uploads\/2024\/08\/universite-bordeaux-logo_1.jpg 550w, https:\/\/hervegonon.com\/wp-content\/uploads\/2024\/08\/universite-bordeaux-logo_1-300x121.jpg 300w\" sizes=\"auto, (max-width: 550px) 100vw, 550px\" \/><\/figure>\n<\/div>\n\n\n<h4 class=\"wp-block-heading has-vivid-cyan-blue-color has-text-color has-link-color wp-elements-7aa8da59ac1feb15e8e89f4e48fc408b\"><strong>MA\u00ceTRISE et LICENCE en G\u00e9nie Electrique et Informatique Industrielle \u2013 Option t\u00e9l\u00e9communication \u2013 Titre Ing\u00e9nieur ma\u00eetre<\/strong><\/h4>\n\n\n\n<h5 class=\"wp-block-heading has-pale-cyan-blue-color has-text-color has-link-color wp-elements-ec7539b1812b0dfcb88003b3c5c8ae6d\"><strong>IUP GEII \u00e0 l\u2019universit\u00e9 Bordeaux 1<\/strong><\/h5>\n\n\n\n<h5 class=\"wp-block-heading has-pale-cyan-blue-color has-text-color has-link-color wp-elements-a08e1c26dba5956761e2a618594c6efe\">2003 \u00e0 2007<\/h5>\n\n\n\n<p class=\"has-white-color has-text-color has-link-color wp-elements-cbb5627f9cb6645fdb34574fcb098fdf\">&#8212;&#8212;&#8212;&#8212;&#8212;&#8212;<\/p>\n\n\n\n<p><a href=\"https:\/\/web.archive.org\/web\/20230330032308\/https:\/\/www.hervegonon.com\/wp-content\/uploads\/2015\/02\/Bordeaux-1.jpg\"><\/a>\u00a0Enseignement des techniques de l\u2019E.E.A. et de l\u2019ing\u00e9nierie<\/p>\n\n\n\n<ul class=\"wp-block-list\">\n<li>\u00c9lectronique g\u00e9n\u00e9rale et embarqu\u00e9e, \u00c9lectricit\u00e9 g\u00e9n\u00e9rale, \u00c9lectrotechnique, Automatisme<\/li>\n\n\n\n<li>Informatique industrielle<\/li>\n\n\n\n<li>Physique pour l&rsquo;ing\u00e9nieur<\/li>\n\n\n\n<li>Maths pour l&rsquo;ing\u00e9nieur<\/li>\n\n\n\n<li>Techniques d&rsquo;expression et de communication<\/li>\n\n\n\n<li>Anglais<\/li>\n\n\n\n<li>Informatique : Langage C, C++<\/li>\n\n\n\n<li>Conduite de projet<\/li>\n\n\n\n<li>Programmation orient\u00e9e objet<\/li>\n\n\n\n<li>Traitement num\u00e9rique du signal<\/li>\n\n\n\n<li>Programmation r\u00e9seaux<\/li>\n\n\n\n<li>Informatique : Base de donn\u00e9es et bus de terrain<\/li>\n\n\n\n<li>Gestion, qualit\u00e9 et entreprise<\/li>\n<\/ul>\n\n\n\n<p><strong>Stage de 6 mois en entreprise<\/strong> \u2013 GF FOURES -33<\/p>\n\n\n\n<hr class=\"wp-block-separator has-alpha-channel-opacity\"\/>\n\n\n<div class=\"wp-block-image\">\n<figure class=\"alignleft size-large is-resized\"><img loading=\"lazy\" decoding=\"async\" width=\"1024\" height=\"450\" src=\"https:\/\/hervegonon.com\/wp-content\/uploads\/2024\/08\/GEII-1-1024x450.png\" alt=\"\" class=\"wp-image-170\" style=\"width:216px;height:auto\" srcset=\"https:\/\/hervegonon.com\/wp-content\/uploads\/2024\/08\/GEII-1-1024x450.png 1024w, https:\/\/hervegonon.com\/wp-content\/uploads\/2024\/08\/GEII-1-300x132.png 300w, https:\/\/hervegonon.com\/wp-content\/uploads\/2024\/08\/GEII-1-768x338.png 768w, https:\/\/hervegonon.com\/wp-content\/uploads\/2024\/08\/GEII-1.png 1032w\" sizes=\"auto, (max-width: 1024px) 100vw, 1024px\" \/><\/figure>\n<\/div>\n\n\n<h4 class=\"wp-block-heading has-vivid-cyan-blue-color has-text-color has-link-color wp-elements-8e743d85a9c30a5a371de0375633f910\"><strong>DUT G\u00e9nie Electrique et Informatique Industrielle \u2013 Option R\u00e9seaux Locaux industriels<\/strong><\/h4>\n\n\n\n<h5 class=\"wp-block-heading has-pale-cyan-blue-color has-text-color has-link-color wp-elements-d9414f102e710159c1df21270b5399a8\"><strong>IUT GEII de Brive<\/strong><\/h5>\n\n\n\n<h5 class=\"wp-block-heading has-pale-cyan-blue-color has-text-color has-link-color wp-elements-c56e24e67b7e0240ce1050996e863d48\">2003 \u00e0 2005<\/h5>\n\n\n\n<p>Stage de 3 mois en entreprise \u2013 SILIS Electronique -87<\/p>\n\n\n\n<p><a href=\"https:\/\/web.archive.org\/web\/20230330032308\/https:\/\/www.hervegonon.com\/wp-content\/uploads\/2015\/02\/6r5je-logo_dautry.jpg\"><\/a>&nbsp;<\/p>\n","protected":false},"excerpt":{"rendered":"<p>MANAGER DE PROXIMIT\u00c9 ORSYS Formation &#8211; Paris, La D\u00e9fense Octobre 2023 &#8212;&#8212;&#8212;&#8212;&#8212;&#8212;&#8211; Objectifs de la formation : LEAN COACH INSA de Rennes et entreprise CPK Carambar de Strasbourg 2019 &#8212;&#8212;&#8212;&#8212;&#8212;&#8212;&#8212;- Objectifs de la formation : CQPM ANIMATEUR DE LA D\u00c9MARCHE LEAN P\u00f4le Formation UIMM Limousin 2016 \u00e0 2018 &#8212;&#8212;&#8212;&#8212;&#8212;&#8212;&#8212; Objectifs de la formation : Gestion [&hellip;]<\/p>\n","protected":false},"author":1,"featured_media":0,"parent":0,"menu_order":0,"comment_status":"closed","ping_status":"closed","template":"","meta":{"footnotes":""},"class_list":["post-12","page","type-page","status-publish","czr-hentry"],"jetpack_sharing_enabled":true,"_links":{"self":[{"href":"https:\/\/hervegonon.com\/index.php\/wp-json\/wp\/v2\/pages\/12","targetHints":{"allow":["GET"]}}],"collection":[{"href":"https:\/\/hervegonon.com\/index.php\/wp-json\/wp\/v2\/pages"}],"about":[{"href":"https:\/\/hervegonon.com\/index.php\/wp-json\/wp\/v2\/types\/page"}],"author":[{"embeddable":true,"href":"https:\/\/hervegonon.com\/index.php\/wp-json\/wp\/v2\/users\/1"}],"replies":[{"embeddable":true,"href":"https:\/\/hervegonon.com\/index.php\/wp-json\/wp\/v2\/comments?post=12"}],"version-history":[{"count":12,"href":"https:\/\/hervegonon.com\/index.php\/wp-json\/wp\/v2\/pages\/12\/revisions"}],"predecessor-version":[{"id":176,"href":"https:\/\/hervegonon.com\/index.php\/wp-json\/wp\/v2\/pages\/12\/revisions\/176"}],"wp:attachment":[{"href":"https:\/\/hervegonon.com\/index.php\/wp-json\/wp\/v2\/media?parent=12"}],"curies":[{"name":"wp","href":"https:\/\/api.w.org\/{rel}","templated":true}]}}